{"id":835,"date":"2023-09-14T00:32:02","date_gmt":"2023-09-14T00:32:02","guid":{"rendered":"https:\/\/demo.divi-pixel.com\/travel\/?page_id=835"},"modified":"2025-06-26T22:08:31","modified_gmt":"2025-06-26T22:08:31","slug":"maquila-de-impresion","status":"publish","type":"page","link":"https:\/\/tonansin.com.mx\/?page_id=835","title":{"rendered":"Maquila de Impresi\u00f3n"},"content":{"rendered":"<p>[et_pb_section fb_built=&#8221;1&#8243; custom_padding_last_edited=&#8221;on|tablet&#8221; _builder_version=&#8221;4.27.4&#8243; _module_preset=&#8221;default&#8221; use_background_color_gradient=&#8221;on&#8221; background_color_gradient_stops=&#8221;rgba(0,0,0,0.3) 0%|rgba(0,0,0,0.3) 100%&#8221; background_color_gradient_overlays_image=&#8221;on&#8221; background_image=&#8221;https:\/\/tonansin.com.mx\/wp-content\/uploads\/2025\/06\/5.png&#8221; custom_margin=&#8221;-180px||||false|false&#8221; custom_margin_tablet=&#8221;-90px||||false|false&#8221; custom_margin_phone=&#8221;-90px||||false|false&#8221; custom_margin_last_edited=&#8221;on|tablet&#8221; custom_padding=&#8221;270px||200px||false|false&#8221; custom_padding_tablet=&#8221;200px||150px||false|false&#8221; custom_padding_phone=&#8221;150px||50px||false|false&#8221; hover_enabled=&#8221;0&#8243; locked=&#8221;off&#8221; global_colors_info=&#8221;{}&#8221; title_text=&#8221;5&#8243; sticky_enabled=&#8221;0&#8243;][et_pb_row _builder_version=&#8221;4.20.2&#8243; _module_preset=&#8221;default&#8221; width=&#8221;100%&#8221; max_width=&#8221;100%&#8221; global_colors_info=&#8221;{}&#8221;][et_pb_column type=&#8221;4_4&#8243; _builder_version=&#8221;4.20.2&#8243; _module_preset=&#8221;default&#8221; global_colors_info=&#8221;{}&#8221;][dipi_dual_heading first_heading=&#8221;Maquila de Impresi\u00f3n&#8221; heading_display=&#8221;column&#8221; sh_padding=&#8221;0px|3px|20px|3px|false|false&#8221; _builder_version=&#8221;4.27.4&#8243; _module_preset=&#8221;default&#8221; first_heading_font=&#8221;Poppins|600|||||||&#8221; first_heading_text_color=&#8221;#FFFFFF&#8221; first_heading_font_size=&#8221;80px&#8221; first_heading_line_height=&#8221;1.3em&#8221; second_heading_font=&#8221;Poppins||||||||&#8221; second_heading_text_color=&#8221;#FFFFFF&#8221; second_heading_font_size=&#8221;80px&#8221; second_heading_letter_spacing=&#8221;-3px&#8221; second_heading_line_height=&#8221;1em&#8221; custom_margin=&#8221;||0px||false|false&#8221; hover_enabled=&#8221;0&#8243; first_heading_font_size_tablet=&#8221;60px&#8221; first_heading_font_size_phone=&#8221;40px&#8221; first_heading_font_size_last_edited=&#8221;on|phone&#8221; second_heading_font_size_tablet=&#8221;60px&#8221; second_heading_font_size_phone=&#8221;40px&#8221; second_heading_font_size_last_edited=&#8221;on|tablet&#8221; global_colors_info=&#8221;{}&#8221; sticky_enabled=&#8221;0&#8243;][\/dipi_dual_heading][\/et_pb_column][\/et_pb_row][\/et_pb_section][et_pb_section fb_built=&#8221;1&#8243; _builder_version=&#8221;4.20.2&#8243; _module_preset=&#8221;default&#8221; global_colors_info=&#8221;{}&#8221;][et_pb_row column_structure=&#8221;3_5,2_5&#8243; use_custom_gutter=&#8221;on&#8221; gutter_width=&#8221;2&#8243; _builder_version=&#8221;4.20.2&#8243; _module_preset=&#8221;default&#8221; global_colors_info=&#8221;{}&#8221;][et_pb_column type=&#8221;3_5&#8243; _builder_version=&#8221;4.20.2&#8243; _module_preset=&#8221;default&#8221; global_colors_info=&#8221;{}&#8221;][et_pb_image src=&#8221;https:\/\/tonansin.com.mx\/wp-content\/uploads\/2025\/06\/4.png&#8221; title_text=&#8221;4&#8243; _builder_version=&#8221;4.27.4&#8243; _module_preset=&#8221;default&#8221; hover_enabled=&#8221;0&#8243; global_colors_info=&#8221;{}&#8221; sticky_enabled=&#8221;0&#8243;][\/et_pb_image][\/et_pb_column][et_pb_column type=&#8221;2_5&#8243; _builder_version=&#8221;4.20.2&#8243; _module_preset=&#8221;default&#8221; global_colors_info=&#8221;{}&#8221;][et_pb_text _builder_version=&#8221;4.27.4&#8243; _module_preset=&#8221;default&#8221; text_font=&#8221;Poppins||||||||&#8221; text_text_color=&#8221;#4D5154&#8243; text_font_size=&#8221;19px&#8221; text_line_height=&#8221;1.6em&#8221; hover_enabled=&#8221;0&#8243; locked=&#8221;off&#8221; global_colors_info=&#8221;{}&#8221; sticky_enabled=&#8221;0&#8243;]<\/p>\n<p>Ofrecemos a ustedes nuestra planta de decorado de serigraf\u00eda y tampograf\u00eda, plana y cilindrica.<\/p>\n<p>Contamos con m\u00e1s de 30 a\u00f1os de experiencia en impresi\u00f3n industrial, comercial y promocional, damos servicio a la industria automotriz, farmaceutica, de belleza, de telefon\u00eda, de electrodom\u00e9sticos, pl\u00e1stico, del juguete, en fin todo lo que tenga que ver con la impresi\u00f3n.<\/p>\n<p>Contamos con equipos autom\u00e1ticos y semi autom\u00e1ticos lo que garantiza nuestra calidad, denos la oportunidad de servirles y vera c\u00f3mo ahorra costos y eleva la calidad en sus productos.<\/p>\n<p>[\/et_pb_text][\/et_pb_column][\/et_pb_row][\/et_pb_section]<\/p>\n","protected":false},"excerpt":{"rendered":"<p><div class=\"et_pb_module dipi_dual_heading dipi_dual_heading_0\">\n\t\t\t\t\n\t\t\t\t\n\t\t\t\t\n\t\t\t\t\n\t\t\t\t\n\t\t\t\t\n\t\t\t\t<div class=\"et_pb_module_inner\">\n\t\t\t\t\t\n                <div class=\"dipi-dual-heading \">\n                    <h2 class=\"dipi-dh-main\">\n                        <span class=\"dipi-dh-first-heading\">\n                            <span class=\"dipi-dh-animation-container\">\n                                <span class=\"dipi-dh-bg-container\">\n                                    Maquila de Impresi\u00f3n\n                                <\/span>\n                            <\/span>\n                        <\/span>\n                        <span class=\"dipi-dh-second-heading\">\n                            <span class=\"dipi-dh-animation-container\">\n                                <span class=\"dipi-dh-bg-container\">\n                                    \n                                <\/span>\n                            <\/span>\n                        <\/span>\n                    <\/h2>\n                <\/div>\n\t\t\t\t<\/div>\n\t\t\t<\/div>Ofrecemos a ustedes nuestra planta de decorado de serigraf\u00eda y tampograf\u00eda, plana y cilindrica. Contamos con m\u00e1s de 30 a\u00f1os de experiencia en impresi\u00f3n industrial, comercial y promocional, damos [&hellip;]<\/p>\n","protected":false},"author":2,"featured_media":0,"parent":0,"menu_order":0,"comment_status":"closed","ping_status":"closed","template":"","meta":{"_et_pb_use_builder":"on","_et_pb_old_content":"","_et_gb_content_width":"","_joinchat":[],"footnotes":""},"dipi_cpt_category":[],"class_list":["post-835","page","type-page","status-publish","hentry"],"_links":{"self":[{"href":"https:\/\/tonansin.com.mx\/index.php?rest_route=\/wp\/v2\/pages\/835","targetHints":{"allow":["GET"]}}],"collection":[{"href":"https:\/\/tonansin.com.mx\/index.php?rest_route=\/wp\/v2\/pages"}],"about":[{"href":"https:\/\/tonansin.com.mx\/index.php?rest_route=\/wp\/v2\/types\/page"}],"author":[{"embeddable":true,"href":"https:\/\/tonansin.com.mx\/index.php?rest_route=\/wp\/v2\/users\/2"}],"replies":[{"embeddable":true,"href":"https:\/\/tonansin.com.mx\/index.php?rest_route=%2Fwp%2Fv2%2Fcomments&post=835"}],"version-history":[{"count":2,"href":"https:\/\/tonansin.com.mx\/index.php?rest_route=\/wp\/v2\/pages\/835\/revisions"}],"predecessor-version":[{"id":4939,"href":"https:\/\/tonansin.com.mx\/index.php?rest_route=\/wp\/v2\/pages\/835\/revisions\/4939"}],"wp:attachment":[{"href":"https:\/\/tonansin.com.mx\/index.php?rest_route=%2Fwp%2Fv2%2Fmedia&parent=835"}],"wp:term":[{"taxonomy":"dipi_cpt_category","embeddable":true,"href":"https:\/\/tonansin.com.mx\/index.php?rest_route=%2Fwp%2Fv2%2Fdipi_cpt_category&post=835"}],"curies":[{"name":"wp","href":"https:\/\/api.w.org\/{rel}","templated":true}]}}